{"id":3562,"date":"2021-12-26T09:42:21","date_gmt":"2021-12-26T14:42:21","guid":{"rendered":"https:\/\/mwautomotriz.com\/?page_id=3562"},"modified":"2021-12-26T09:53:03","modified_gmt":"2021-12-26T14:53:03","slug":"mantenimiento-de-aire-acondicionado","status":"publish","type":"page","link":"https:\/\/mwautomotriz.com\/index.php\/mantenimiento-de-aire-acondicionado\/","title":{"rendered":"mantenimiento de aire acondicionado"},"content":{"rendered":"\t\t<div data-elementor-type=\"wp-page\" data-elementor-id=\"3562\" class=\"elementor elementor-3562\">\n\t\t\t\t\t\t\t\t\t<section class=\"elementor-section elementor-top-section elementor-element elementor-element-2a35616 elementor-section-boxed elementor-section-height-default elementor-section-height-default\" data-id=\"2a35616\" data-element_type=\"section\" data-settings=\"{&quot;background_background&quot;:&quot;classic&quot;}\">\n\t\t\t\t\t\t\t<div class=\"elementor-background-overlay\"><\/div>\n\t\t\t\t\t\t\t<div class=\"elementor-container elementor-column-gap-default\">\n\t\t\t\t\t<div class=\"elementor-column elementor-col-100 elementor-top-column elementor-element elementor-element-a7f2d3c\" data-id=\"a7f2d3c\" data-element_type=\"column\">\n\t\t\t<div class=\"elementor-widget-wrap\">\n\t\t\t\t\t\t\t\t\t<\/div>\n\t\t<\/div>\n\t\t\t\t\t\t\t<\/div>\n\t\t<\/section>\n\t\t\t\t<section class=\"elementor-section elementor-top-section elementor-element elementor-element-4d9cf18 elementor-section-boxed elementor-section-height-default elementor-section-height-default\" data-id=\"4d9cf18\" data-element_type=\"section\">\n\t\t\t\t\t\t<div class=\"elementor-container elementor-column-gap-default\">\n\t\t\t\t\t<div class=\"elementor-column elementor-col-100 elementor-top-column elementor-element elementor-element-181f9be\" data-id=\"181f9be\" data-element_type=\"column\">\n\t\t\t<div class=\"elementor-widget-wrap elementor-element-populated\">\n\t\t\t\t\t\t\t\t<section class=\"elementor-section elementor-inner-section elementor-element elementor-element-318cd53 elementor-section-boxed elementor-section-height-default elementor-section-height-default\" data-id=\"318cd53\" data-element_type=\"section\">\n\t\t\t\t\t\t<div class=\"elementor-container elementor-column-gap-default\">\n\t\t\t\t\t<div class=\"elementor-column elementor-col-50 elementor-inner-column elementor-element elementor-element-4791c75\" data-id=\"4791c75\" data-element_type=\"column\">\n\t\t\t<div class=\"elementor-widget-wrap elementor-element-populated\">\n\t\t\t\t\t\t\t\t<div class=\"elementor-element elementor-element-73b6c0e elementor-widget elementor-widget-heading\" data-id=\"73b6c0e\" data-element_type=\"widget\" data-widget_type=\"heading.default\">\n\t\t\t\t<div class=\"elementor-widget-container\">\n\t\t\t<style>\/*! elementor - v3.7.4 - 31-08-2022 *\/\n.elementor-heading-title{padding:0;margin:0;line-height:1}.elementor-widget-heading .elementor-heading-title[class*=elementor-size-]>a{color:inherit;font-size:inherit;line-height:inherit}.elementor-widget-heading .elementor-heading-title.elementor-size-small{font-size:15px}.elementor-widget-heading .elementor-heading-title.elementor-size-medium{font-size:19px}.elementor-widget-heading .elementor-heading-title.elementor-size-large{font-size:29px}.elementor-widget-heading .elementor-heading-title.elementor-size-xl{font-size:39px}.elementor-widget-heading .elementor-heading-title.elementor-size-xxl{font-size:59px}<\/style><h3 class=\"elementor-heading-title elementor-size-default\">Mantenimiento de <br>Aire Acondicionado<\/h3>\t\t<\/div>\n\t\t\t\t<\/div>\n\t\t\t\t<div class=\"elementor-element elementor-element-3cefb2d elementor-widget elementor-widget-text-editor\" data-id=\"3cefb2d\" data-element_type=\"widget\" data-widget_type=\"text-editor.default\">\n\t\t\t\t<div class=\"elementor-widget-container\">\n\t\t\t<style>\/*! elementor - v3.7.4 - 31-08-2022 *\/\n.elementor-widget-text-editor.elementor-drop-cap-view-stacked .elementor-drop-cap{background-color:#818a91;color:#fff}.elementor-widget-text-editor.elementor-drop-cap-view-framed .elementor-drop-cap{color:#818a91;border:3px solid;background-color:transparent}.elementor-widget-text-editor:not(.elementor-drop-cap-view-default) .elementor-drop-cap{margin-top:8px}.elementor-widget-text-editor:not(.elementor-drop-cap-view-default) .elementor-drop-cap-letter{width:1em;height:1em}.elementor-widget-text-editor .elementor-drop-cap{float:left;text-align:center;line-height:1;font-size:50px}.elementor-widget-text-editor .elementor-drop-cap-letter{display:inline-block}<\/style>\t\t\t\t<p>El sistema de A\/C (aire acondicionado) automotriz est\u00e1 compuesto por varios elementos (de desgaste, electr\u00f3nicos y\u00a0 mec\u00e1nicos), y que en su conjunto deben estar todos operativos para conseguir la climatizaci\u00f3n interior del veh\u00edculo.<\/p><p>Es por todos estos elementos que peri\u00f3dicamente debe realizarse el mantenimiento y\/o recarga del sistema de aire acondicionado del veh\u00edculo.<\/p>\t\t\t\t\t\t<\/div>\n\t\t\t\t<\/div>\n\t\t\t\t\t<\/div>\n\t\t<\/div>\n\t\t\t\t<div class=\"elementor-column elementor-col-50 elementor-inner-column elementor-element elementor-element-43ebf86\" data-id=\"43ebf86\" data-element_type=\"column\">\n\t\t\t<div class=\"elementor-widget-wrap elementor-element-populated\">\n\t\t\t\t\t\t\t\t<div class=\"elementor-element elementor-element-19e4cbd elementor-widget elementor-widget-image\" data-id=\"19e4cbd\" data-element_type=\"widget\" data-widget_type=\"image.default\">\n\t\t\t\t<div class=\"elementor-widget-container\">\n\t\t\t<style>\/*! elementor - v3.7.4 - 31-08-2022 *\/\n.elementor-widget-image{text-align:center}.elementor-widget-image a{display:inline-block}.elementor-widget-image a img[src$=\".svg\"]{width:48px}.elementor-widget-image img{vertical-align:middle;display:inline-block}<\/style>\t\t\t\t\t\t\t\t\t\t\t\t<img loading=\"lazy\" decoding=\"async\" width=\"700\" height=\"525\" src=\"https:\/\/mwautomotriz.com\/wp-content\/uploads\/2021\/12\/aire-acondicionado-automotriz-instalacion-mantenimiento-reparacion-technoaires-bucaramanga-cucuta-colombia-03.jpg\" class=\"attachment-large size-large\" alt=\"\" srcset=\"https:\/\/mwautomotriz.com\/wp-content\/uploads\/2021\/12\/aire-acondicionado-automotriz-instalacion-mantenimiento-reparacion-technoaires-bucaramanga-cucuta-colombia-03.jpg 700w, https:\/\/mwautomotriz.com\/wp-content\/uploads\/2021\/12\/aire-acondicionado-automotriz-instalacion-mantenimiento-reparacion-technoaires-bucaramanga-cucuta-colombia-03-300x225.jpg 300w, https:\/\/mwautomotriz.com\/wp-content\/uploads\/2021\/12\/aire-acondicionado-automotriz-instalacion-mantenimiento-reparacion-technoaires-bucaramanga-cucuta-colombia-03-600x450.jpg 600w\" sizes=\"auto, (max-width: 700px) 100vw, 700px\" \/>\t\t\t\t\t\t\t\t\t\t\t\t\t\t\t<\/div>\n\t\t\t\t<\/div>\n\t\t\t\t\t<\/div>\n\t\t<\/div>\n\t\t\t\t\t\t\t<\/div>\n\t\t<\/section>\n\t\t\t\t\t<\/div>\n\t\t<\/div>\n\t\t\t\t\t\t\t<\/div>\n\t\t<\/section>\n\t\t\t\t\t\t\t<\/div>\n\t\t","protected":false},"excerpt":{"rendered":"<p>Mantenimiento de Aire Acondicionado El sistema de A\/C (aire acondicionado) automotriz est\u00e1 compuesto por varios elementos (de desgaste, electr\u00f3nicos y\u00a0 mec\u00e1nicos), y que en su conjunto deben estar todos operativos para conseguir la climatizaci\u00f3n interior del veh\u00edculo. Es por todos estos elementos que peri\u00f3dicamente debe realizarse el mantenimiento y\/o recarga del sistema de aire acondicionado &hellip;<\/p>\n<p class=\"read-more\"> <a class=\"\" href=\"https:\/\/mwautomotriz.com\/index.php\/mantenimiento-de-aire-acondicionado\/\"> <span class=\"screen-reader-text\">mantenimiento de aire acondicionado<\/span> Read More &raquo;<\/a><\/p>\n","protected":false},"author":1,"featured_media":0,"parent":0,"menu_order":0,"comment_status":"closed","ping_status":"closed","template":"","meta":{"site-sidebar-layout":"no-sidebar","site-content-layout":"page-builder","ast-main-header-display":"","ast-hfb-above-header-display":"","ast-hfb-below-header-display":"","ast-hfb-mobile-header-display":"","site-post-title":"disabled","ast-breadcrumbs-content":"","ast-featured-img":"disabled","footer-sml-layout":"","theme-transparent-header-meta":"","adv-header-id-meta":"","stick-header-meta":"","header-above-stick-meta":"","header-main-stick-meta":"","header-below-stick-meta":"","footnotes":""},"class_list":["post-3562","page","type-page","status-publish","hentry"],"_links":{"self":[{"href":"https:\/\/mwautomotriz.com\/index.php\/wp-json\/wp\/v2\/pages\/3562","targetHints":{"allow":["GET"]}}],"collection":[{"href":"https:\/\/mwautomotriz.com\/index.php\/wp-json\/wp\/v2\/pages"}],"about":[{"href":"https:\/\/mwautomotriz.com\/index.php\/wp-json\/wp\/v2\/types\/page"}],"author":[{"embeddable":true,"href":"https:\/\/mwautomotriz.com\/index.php\/wp-json\/wp\/v2\/users\/1"}],"replies":[{"embeddable":true,"href":"https:\/\/mwautomotriz.com\/index.php\/wp-json\/wp\/v2\/comments?post=3562"}],"version-history":[{"count":19,"href":"https:\/\/mwautomotriz.com\/index.php\/wp-json\/wp\/v2\/pages\/3562\/revisions"}],"predecessor-version":[{"id":3584,"href":"https:\/\/mwautomotriz.com\/index.php\/wp-json\/wp\/v2\/pages\/3562\/revisions\/3584"}],"wp:attachment":[{"href":"https:\/\/mwautomotriz.com\/index.php\/wp-json\/wp\/v2\/media?parent=3562"}],"curies":[{"name":"wp","href":"https:\/\/api.w.org\/{rel}","templated":true}]}}